{"id":108107,"date":"2020-10-26T09:51:36","date_gmt":"2020-10-26T08:51:36","guid":{"rendered":"https:\/\/www.slotloevestein.nl\/?page_id=108107"},"modified":"2025-12-18T10:00:51","modified_gmt":"2025-12-18T09:00:51","slug":"herzlich-wilkommen","status":"publish","type":"page","link":"https:\/\/www.slotloevestein.nl\/de\/","title":{"rendered":"Herzlich Wilkommen"},"content":{"rendered":"<p>[vc_row row_height_percent=&#8220;0&#8243; override_padding=&#8220;yes&#8220; h_padding=&#8220;2&#8243; top_padding=&#8220;3&#8243; bottom_padding=&#8220;2&#8243; overlay_alpha=&#8220;50&#8243; gutter_size=&#8220;3&#8243; column_width_percent=&#8220;100&#8243; shift_y=&#8220;0&#8243; z_index=&#8220;0&#8243; uncode_shortcode_id=&#8220;542639&#8243;][vc_column column_width_percent=&#8220;77&#8243; align_horizontal=&#8220;align_center&#8220; gutter_size=&#8220;3&#8243; overlay_alpha=&#8220;50&#8243; shift_x=&#8220;0&#8243; shift_y=&#8220;0&#8243; shift_y_down=&#8220;0&#8243; z_index=&#8220;0&#8243; medium_width=&#8220;0&#8243; mobile_width=&#8220;0&#8243; width=&#8220;1\/1&#8243; uncode_shortcode_id=&#8220;651855&#8243;][vc_column_text text_lead=&#8220;yes&#8220; uncode_shortcode_id=&#8220;204561&#8243;]<\/p>\n<h2>Die ber\u00fchmteste Burg der Niederlande<\/h2>\n<p>1361 lie\u00df Ritter Dirc Loef van Horne in der niederl\u00e4ndischen Flusslandschaft seine Burg erbauen. Der Ort an dem Maas und Waal zusammenflie\u00dfen war damals eine ausgezeichnete Lage um Zoll einzufordern. Heute \u00fcberzeugt er als spannendes Ausflugsziel. Die Burg bietet auch luxuri\u00f6se \u00dcbernachtungsm\u00f6glichkeiten sowie eine spektakul\u00e4re Kulisse f\u00fcr unvergessliche Feste und Tagungen.[\/vc_column_text][vc_empty_space empty_h=&#8220;3&#8243;][vc_button button_color=&#8220;accent&#8220; border_width=&#8220;0&#8243; icon_position=&#8220;right&#8220; link=&#8220;url:https%3A%2F%2Ftickets.slotloevestein.nl%2Fde-DE%2Fcombi-ticket%3Fjourney%3Dentree%26|title:Bestel%20tickets|target:_blank&#8220; button_color_type=&#8220;uncode-palette&#8220; uncode_shortcode_id=&#8220;756865&#8243; icon=&#8220;fa fa-ticket&#8220;]Tickets bestellen[\/vc_button][\/vc_column][\/vc_row][vc_row row_height_percent=&#8220;0&#8243; overlay_alpha=&#8220;50&#8243; equal_height=&#8220;yes&#8220; gutter_size=&#8220;0&#8243; column_width_percent=&#8220;100&#8243; shift_y=&#8220;0&#8243; z_index=&#8220;0&#8243; uncode_shortcode_id=&#8220;194224&#8243;][vc_column column_width_percent=&#8220;100&#8243; position_vertical=&#8220;middle&#8220; gutter_size=&#8220;3&#8243; overlay_alpha=&#8220;50&#8243; shift_x=&#8220;0&#8243; shift_y=&#8220;0&#8243; shift_y_down=&#8220;0&#8243; z_index=&#8220;0&#8243; medium_width=&#8220;0&#8243; mobile_width=&#8220;0&#8243; width=&#8220;5\/12&#8243; uncode_shortcode_id=&#8220;871699&#8243;][vc_single_image media=&#8220;107154&#8243; media_width_percent=&#8220;100&#8243; media_ratio=&#8220;four-three&#8220; uncode_shortcode_id=&#8220;171528&#8243;][\/vc_column][vc_column column_width_use_pixel=&#8220;yes&#8220; position_vertical=&#8220;middle&#8220; align_horizontal=&#8220;align_center&#8220; gutter_size=&#8220;3&#8243; override_padding=&#8220;yes&#8220; column_padding=&#8220;4&#8243; overlay_alpha=&#8220;50&#8243; shift_x=&#8220;0&#8243; shift_y=&#8220;0&#8243; shift_y_down=&#8220;0&#8243; z_index=&#8220;0&#8243; medium_width=&#8220;0&#8243; mobile_width=&#8220;0&#8243; width=&#8220;7\/12&#8243; uncode_shortcode_id=&#8220;114642&#8243;][vc_column_text uncode_shortcode_id=&#8220;200300&#8243;]<\/p>\n<h2>Ein gro\u00dfes Abenteuer<\/h2>\n<p>Ob Hochburg, Vorburg oder Soldatenh\u00e4user \u2013 es gibt jede Menge zu entdecken. Im Museum erfahren Sie alles \u00fcber Hugo Grotius, das Mittelalter und die holl\u00e4ndische Wasserlinie. Lernen Sie mehr \u00fcber Gewehre und Schie\u00dfpulver, und bekommen Sie nasse F\u00fc\u00dfe im Kampf gegen das Hochwasser. Sie bekommen Ihren eigenen Schl\u00fcssel zur Burg um all ihre Facetten erforschen zu k\u00f6nnen. Gehen Sie auf Entdeckungsreise![\/vc_column_text][\/vc_column][\/vc_row][vc_row row_height_percent=&#8220;0&#8243; overlay_alpha=&#8220;50&#8243; equal_height=&#8220;yes&#8220; gutter_size=&#8220;0&#8243; column_width_percent=&#8220;100&#8243; shift_y=&#8220;0&#8243; z_index=&#8220;0&#8243; inverted_device_order=&#8220;yes&#8220; uncode_shortcode_id=&#8220;207694&#8243;][vc_column column_width_use_pixel=&#8220;yes&#8220; position_vertical=&#8220;middle&#8220; align_horizontal=&#8220;align_center&#8220; gutter_size=&#8220;3&#8243; override_padding=&#8220;yes&#8220; column_padding=&#8220;4&#8243; overlay_alpha=&#8220;50&#8243; shift_x=&#8220;0&#8243; shift_y=&#8220;0&#8243; shift_y_down=&#8220;0&#8243; z_index=&#8220;0&#8243; medium_width=&#8220;0&#8243; mobile_width=&#8220;0&#8243; width=&#8220;7\/12&#8243; uncode_shortcode_id=&#8220;172814&#8243;][vc_column_text uncode_shortcode_id=&#8220;203107&#8243;]<\/p>\n<h2>\u00d6ffnungszeiten und Preise<\/h2>\n<p>&nbsp;<\/p>\n<h5>\u00d6ffnungszeiten:<\/h5>\n<p>Burg Loevestein ist das ganze Jahr ge\u00f6ffnet von 10:00 bis 17.00 Uhr. (Am 25. Und 31. Dezember und 1. Januar geschlossen)<\/p>\n<h5>Eintrittpreise:<\/h5>\n<p>Erwachsene: \u20ac 18,00<br \/>\nKinder von 4 bis einschlie\u00dflich 18 Jahre: \u20ac 12,50<br \/>\nKinder bis einschlie\u00dflich 3 Jahre: gratis[\/vc_column_text][\/vc_column][vc_column column_width_percent=&#8220;100&#8243; position_vertical=&#8220;middle&#8220; gutter_size=&#8220;3&#8243; overlay_alpha=&#8220;50&#8243; shift_x=&#8220;0&#8243; shift_y=&#8220;0&#8243; shift_y_down=&#8220;0&#8243; z_index=&#8220;0&#8243; medium_width=&#8220;0&#8243; mobile_width=&#8220;0&#8243; width=&#8220;5\/12&#8243; uncode_shortcode_id=&#8220;196260&#8243;][vc_single_image media=&#8220;106154&#8243; media_width_percent=&#8220;100&#8243; media_ratio=&#8220;four-three&#8220; uncode_shortcode_id=&#8220;574065&#8243;][\/vc_column][\/vc_row][vc_row row_height_percent=&#8220;0&#8243; override_padding=&#8220;yes&#8220; h_padding=&#8220;2&#8243; top_padding=&#8220;2&#8243; bottom_padding=&#8220;3&#8243; overlay_alpha=&#8220;50&#8243; equal_height=&#8220;yes&#8220; gutter_size=&#8220;0&#8243; column_width_percent=&#8220;100&#8243; shift_y=&#8220;0&#8243; z_index=&#8220;0&#8243; uncode_shortcode_id=&#8220;189866&#8243;][vc_column column_width_percent=&#8220;100&#8243; position_vertical=&#8220;middle&#8220; gutter_size=&#8220;3&#8243; overlay_alpha=&#8220;50&#8243; shift_x=&#8220;0&#8243; shift_y=&#8220;0&#8243; shift_y_down=&#8220;0&#8243; z_index=&#8220;0&#8243; medium_width=&#8220;0&#8243; mobile_width=&#8220;0&#8243; width=&#8220;5\/12&#8243; uncode_shortcode_id=&#8220;871699&#8243;][vc_single_image media=&#8220;107374&#8243; media_width_percent=&#8220;100&#8243; media_ratio=&#8220;four-three&#8220; uncode_shortcode_id=&#8220;113938&#8243;][\/vc_column][vc_column column_width_use_pixel=&#8220;yes&#8220; position_vertical=&#8220;middle&#8220; align_horizontal=&#8220;align_center&#8220; gutter_size=&#8220;3&#8243; override_padding=&#8220;yes&#8220; column_padding=&#8220;4&#8243; overlay_alpha=&#8220;50&#8243; shift_x=&#8220;0&#8243; shift_y=&#8220;0&#8243; shift_y_down=&#8220;0&#8243; z_index=&#8220;0&#8243; medium_width=&#8220;0&#8243; mobile_width=&#8220;0&#8243; width=&#8220;7\/12&#8243; uncode_shortcode_id=&#8220;114642&#8243;][vc_column_text uncode_shortcode_id=&#8220;853933&#8243;]<\/p>\n<h2>Anreise<\/h2>\n<p>Adresse:<br \/>\nSlot Loevestein<br \/>\nLoevestein 1<br \/>\n5307 TG Poederoijen<\/p>\n<p>Achtung: Viele Routenplaner und Navigationssysteme geben keine verl\u00e4ssliche Wegbeschreibung. Wir empfehlen folgende Anreisem\u00f6glichkeiten:<\/p>\n<p><strong>Am sch\u00f6nsten reisen Sie \u00fcber den Wasserweg an!<\/strong><br \/>\nKlicken Sie <a href=\"https:\/\/www.riveer.nl\/\">hier<\/a> f\u00fcr mehr Informationen zum F\u00e4hrenfahrplan.<\/p>\n<p><strong>Parken<\/strong><br \/>\nBei der Burg Loevestein ist ein gro\u00dfer kostenloser Parkplatz vorhanden. Vom Parkplatz zur Festung brauchen Sie ca. zehn Minuten zu Fu\u00df. Bewegungseingeschr\u00e4nkte Besucherinnen und Besucher d\u00fcrfen bis zur Festungsbr\u00fccke gefahren werden.[\/vc_column_text][\/vc_column][\/vc_row][vc_row unlock_row=&#8220;&#8220; row_height_percent=&#8220;0&#8243; override_padding=&#8220;yes&#8220; h_padding=&#8220;0&#8243; top_padding=&#8220;0&#8243; bottom_padding=&#8220;0&#8243; back_color=&#8220;color-199037&#8243; overlay_alpha=&#8220;50&#8243; equal_height=&#8220;yes&#8220; gutter_size=&#8220;0&#8243; column_width_percent=&#8220;100&#8243; shift_y=&#8220;0&#8243; z_index=&#8220;0&#8243; uncode_shortcode_id=&#8220;207470&#8243; back_color_type=&#8220;uncode-palette&#8220; el_class=&#8220;LVSTN_CTA&#8220; css=&#8220;.vc_custom_1641221713097{margin-top: 36px !important;margin-bottom: 36px !important;}&#8220;][vc_column column_width_use_pixel=&#8220;yes&#8220; gutter_size=&#8220;3&#8243; override_padding=&#8220;yes&#8220; column_padding=&#8220;4&#8243; overlay_alpha=&#8220;50&#8243; shift_x=&#8220;0&#8243; shift_y=&#8220;0&#8243; shift_y_down=&#8220;0&#8243; z_index=&#8220;0&#8243; medium_width=&#8220;0&#8243; mobile_width=&#8220;0&#8243; width=&#8220;7\/12&#8243; mobile_height=&#8220;340&#8243; uncode_shortcode_id=&#8220;171903&#8243;][vc_column_text uncode_shortcode_id=&#8220;872863&#8243;]<\/p>\n<h2>Ein Tagesausflug nach Loevestein<\/h2>\n<p>Die spannende Geschichte der Burg Loevestein umfasst knapp 650 Jahre und l\u00e4sst sich in drei Phasen unterteilen: Mittelalter, Staatsgef\u00e4ngnis und holl\u00e4ndische Wasserlinie.<\/p>\n<p>Die bekannteste Phase der Burggeschichte ist zweifellos die Phase des Staatsgef\u00e4ngnisses. Die Burg Loevestein erlangte Weltruhm durch Hugo Grotius\u2019 Inhaftierung und erfolgreiche Flucht in einer B\u00fccherkiste.<\/p>\n<p>Die Burg Loevestein ist weit mehr als eine gew\u00f6hnliche Burg. Loevestein ist eine Festung an der alten und neuen holl\u00e4ndischen Wasserlinie. Die gut erhaltene Festung mit Wall, Bollwerk, Burggr\u00e4ben, Waffenlager, bombensicherem Unterschlupf und der Gasse mit Soldatenh\u00e4usern lassen vergangene Zeiten wieder aufleben.[\/vc_column_text][\/vc_column][vc_column column_width_use_pixel=&#8220;yes&#8220; position_vertical=&#8220;middle&#8220; gutter_size=&#8220;3&#8243; back_image=&#8220;107465&#8243; overlay_alpha=&#8220;50&#8243; shift_x=&#8220;0&#8243; shift_y=&#8220;0&#8243; shift_y_down=&#8220;0&#8243; z_index=&#8220;0&#8243; medium_width=&#8220;0&#8243; mobile_width=&#8220;0&#8243; width=&#8220;5\/12&#8243; uncode_shortcode_id=&#8220;270880&#8243; mobile_height=&#8220;315&#8243;][\/vc_column][\/vc_row][vc_row row_height_percent=&#8220;0&#8243; overlay_alpha=&#8220;50&#8243; equal_height=&#8220;yes&#8220; gutter_size=&#8220;0&#8243; column_width_percent=&#8220;100&#8243; shift_y=&#8220;0&#8243; z_index=&#8220;0&#8243; uncode_shortcode_id=&#8220;115782&#8243;][vc_column column_width_percent=&#8220;100&#8243; position_vertical=&#8220;middle&#8220; gutter_size=&#8220;3&#8243; overlay_alpha=&#8220;50&#8243; shift_x=&#8220;0&#8243; shift_y=&#8220;0&#8243; shift_y_down=&#8220;0&#8243; z_index=&#8220;0&#8243; medium_width=&#8220;0&#8243; mobile_width=&#8220;0&#8243; width=&#8220;5\/12&#8243; uncode_shortcode_id=&#8220;871699&#8243;][vc_single_image media=&#8220;106279&#8243; media_width_percent=&#8220;100&#8243; media_ratio=&#8220;four-three&#8220; uncode_shortcode_id=&#8220;249452&#8243;][\/vc_column][vc_column column_width_use_pixel=&#8220;yes&#8220; position_vertical=&#8220;middle&#8220; align_horizontal=&#8220;align_center&#8220; gutter_size=&#8220;3&#8243; override_padding=&#8220;yes&#8220; column_padding=&#8220;4&#8243; overlay_alpha=&#8220;50&#8243; shift_x=&#8220;0&#8243; shift_y=&#8220;0&#8243; shift_y_down=&#8220;0&#8243; z_index=&#8220;0&#8243; medium_width=&#8220;0&#8243; mobile_width=&#8220;0&#8243; width=&#8220;7\/12&#8243; uncode_shortcode_id=&#8220;114642&#8243;][vc_column_text uncode_shortcode_id=&#8220;580235&#8243;]<\/p>\n<h2>Natur<\/h2>\n<p>Die Burg Loevestein liegt in den Auen von Maas und Wal, im niederl\u00e4ndischen Delta. In dieser wundersch\u00f6nen Flusslandschaft kann die Natur ihren Gang gehen. Es herrscht eine gro\u00dfe Artenvielfalt an (Wasser-) Pflanzen und Tieren. Im sogenannten \u201eMunnikenland\u201c sind gro\u00dfe Weidetiere, Herden von K\u00f6nigspferden und die einzigartige Rinderart \u201eRode Geus\u201c anzutreffen.<\/p>\n<p><strong>Wandern und Radfahren<\/strong><br \/>\nDie Burg Loevestein ist Teil der offiziellen Fahrradroute des Rivierenlands. Ein Besuch von Loevestein l\u00e4sst sich leicht mit Ihrer Rad- oder Wandertour verbinden.[\/vc_column_text][\/vc_column][\/vc_row][vc_row row_height_percent=&#8220;0&#8243; override_padding=&#8220;yes&#8220; h_padding=&#8220;2&#8243; top_padding=&#8220;3&#8243; bottom_padding=&#8220;2&#8243; overlay_alpha=&#8220;50&#8243; gutter_size=&#8220;3&#8243; column_width_percent=&#8220;100&#8243; shift_y=&#8220;0&#8243; z_index=&#8220;0&#8243; uncode_shortcode_id=&#8220;213610&#8243; row_name=&#8220;tipsvoorthuis&#8220;][vc_column column_width_percent=&#8220;100&#8243; align_horizontal=&#8220;align_center&#8220; gutter_size=&#8220;3&#8243; style=&#8220;light&#8220; overlay_alpha=&#8220;50&#8243; shift_x=&#8220;0&#8243; shift_y=&#8220;0&#8243; shift_y_down=&#8220;0&#8243; z_index=&#8220;0&#8243; medium_width=&#8220;0&#8243; mobile_width=&#8220;0&#8243; width=&#8220;1\/1&#8243; uncode_shortcode_id=&#8220;211302&#8243;][vc_custom_heading uncode_shortcode_id=&#8220;196417&#8243;]F\u00fcr Kinder[\/vc_custom_heading][\/vc_column][\/vc_row][vc_row row_height_percent=&#8220;0&#8243; overlay_alpha=&#8220;50&#8243; equal_height=&#8220;yes&#8220; gutter_size=&#8220;3&#8243; column_width_percent=&#8220;100&#8243; shift_y=&#8220;0&#8243; z_index=&#8220;0&#8243; el_class=&#8220;drie-kolom-lvstn&#8220; uncode_shortcode_id=&#8220;487794&#8243;][vc_column column_width_percent=&#8220;100&#8243; gutter_size=&#8220;3&#8243; back_color=&#8220;color-xsdn&#8220; overlay_alpha=&#8220;50&#8243; shift_x=&#8220;0&#8243; shift_y=&#8220;0&#8243; shift_y_down=&#8220;0&#8243; z_index=&#8220;0&#8243; medium_width=&#8220;0&#8243; mobile_width=&#8220;0&#8243; width=&#8220;1\/2&#8243; uncode_shortcode_id=&#8220;208516&#8243; back_color_type=&#8220;uncode-palette&#8220;][vc_single_image media=&#8220;109510&#8243; media_lightbox=&#8220;yes&#8220; media_width_percent=&#8220;100&#8243; media_ratio=&#8220;sixteen-nine&#8220; uncode_shortcode_id=&#8220;550770&#8243;][vc_column_text uncode_shortcode_id=&#8220;369051&#8243;]<\/p>\n<h2>Zeichnen und F\u00e4rben<\/h2>\n<p>Sie sind nach Ihrem Besuch in Loevestein restlos begeistert und k\u00f6nnen nicht genug davon bekommen? Oder suchen Sie einfach nur nach F\u00e4rbung? Wir haben ein paar f\u00fcr Sie parat![\/vc_column_text][vc_button button_color=&#8220;accent&#8220; size=&#8220;btn-link&#8220; custom_typo=&#8220;yes&#8220; font_family=&#8220;font-776329&#8243; font_weight=&#8220;500&#8243; icon_position=&#8220;right&#8220; icon=&#8220;fa fa-arrow-right2&#8243; link=&#8220;url:https%3A%2F%2Fwww.slotloevestein.nl%2Fwp-content%2Fuploads%2F2022%2F02%2FLVSTN_doolhof.pdf|target:_blank&#8220; button_color_type=&#8220;uncode-palette&#8220; uncode_shortcode_id=&#8220;289559&#8243;]F\u00e4rbung: Matze[\/vc_button][vc_button button_color=&#8220;accent&#8220; size=&#8220;btn-link&#8220; custom_typo=&#8220;yes&#8220; font_family=&#8220;font-776329&#8243; font_weight=&#8220;500&#8243; icon_position=&#8220;right&#8220; icon=&#8220;fa fa-arrow-right2&#8243; link=&#8220;url:https%3A%2F%2Fwww.slotloevestein.nl%2Fwp-content%2Fuploads%2F2022%2F02%2FLVSTN_kleurplaat_schutterij.pdf|target:_blank&#8220; button_color_type=&#8220;uncode-palette&#8220; uncode_shortcode_id=&#8220;177151&#8243;]F\u00e4rbung: Miliz[\/vc_button][vc_button button_color=&#8220;accent&#8220; size=&#8220;btn-link&#8220; custom_typo=&#8220;yes&#8220; font_family=&#8220;font-776329&#8243; font_weight=&#8220;500&#8243; icon_position=&#8220;right&#8220; icon=&#8220;fa fa-arrow-right2&#8243; link=&#8220;url:https%3A%2F%2Fwww.slotloevestein.nl%2Fwp-content%2Fuploads%2F2022%2F02%2FLVSTN_kleurplaat_ridder_jonkvrouw.pdf|target:_blank&#8220; button_color_type=&#8220;uncode-palette&#8220; uncode_shortcode_id=&#8220;128140&#8243;]F\u00e4rbung: Ritter und Burgfr\u00e4ulein[\/vc_button][vc_button button_color=&#8220;accent&#8220; size=&#8220;btn-link&#8220; custom_typo=&#8220;yes&#8220; font_family=&#8220;font-776329&#8243; font_weight=&#8220;500&#8243; icon_position=&#8220;right&#8220; icon=&#8220;fa fa-arrow-right2&#8243; link=&#8220;url:https%3A%2F%2Fwww.slotloevestein.nl%2Fwp-content%2Fuploads%2F2022%2F02%2FLVSTN_kleurplaat_kasteel.pdf|target:_blank&#8220; button_color_type=&#8220;uncode-palette&#8220; uncode_shortcode_id=&#8220;839974&#8243;]F\u00e4rbung: Burg[\/vc_button][\/vc_column][vc_column column_width_percent=&#8220;100&#8243; gutter_size=&#8220;3&#8243; back_color=&#8220;color-xsdn&#8220; overlay_alpha=&#8220;50&#8243; shift_x=&#8220;0&#8243; shift_y=&#8220;0&#8243; shift_y_down=&#8220;0&#8243; z_index=&#8220;0&#8243; medium_width=&#8220;0&#8243; mobile_width=&#8220;0&#8243; width=&#8220;1\/2&#8243; uncode_shortcode_id=&#8220;732729&#8243; back_color_type=&#8220;uncode-palette&#8220;][vc_single_image media=&#8220;109726&#8243; media_width_percent=&#8220;100&#8243; media_ratio=&#8220;sixteen-nine&#8220; advanced=&#8220;yes&#8220; media_overlay_opacity=&#8220;50&#8243; media_padding=&#8220;2&#8243; uncode_shortcode_id=&#8220;113838&#8243;][vc_column_text uncode_shortcode_id=&#8220;180004&#8243;]<\/p>\n<h2>Ritter, Gefangene und Soldaten<\/h2>\n<p>Rund um die Festung, in den Nebengeb\u00e4uden und der Burg finden Sie verschiedene interaktive Pr\u00e4sentationen. Die Hauptrollen spielen Ritter, Gefangene und Soldaten. So bekommen Sie ein umfassendes Bild von der unglaublichen Geschichte der Burg und ihrer ehemaligen Bewohner.[\/vc_column_text][\/vc_column][\/vc_row]<\/p>\n","protected":false},"excerpt":{"rendered":"<p>[vc_row row_height_percent=&#8220;0&#8243; override_padding=&#8220;yes&#8220; h_padding=&#8220;2&#8243; top_padding=&#8220;3&#8243; bottom_padding=&#8220;2&#8243; overlay_alpha=&#8220;50&#8243; gutter_size=&#8220;3&#8243; column_width_percent=&#8220;100&#8243; shift_y=&#8220;0&#8243; z_index=&#8220;0&#8243; uncode_shortcode_id=&#8220;542639&#8243;][vc_column column_width_percent=&#8220;77&#8243; align_horizontal=&#8220;align_center&#8220; gutter_size=&#8220;3&#8243; overlay_alpha=&#8220;50&#8243; shift_x=&#8220;0&#8243; shift_y=&#8220;0&#8243; shift_y_down=&#8220;0&#8243; z_index=&#8220;0&#8243; [&hellip;]<\/p>\n","protected":false},"author":5,"featured_media":107195,"parent":0,"menu_order":0,"comment_status":"closed","ping_status":"closed","template":"","meta":{"_acf_changed":false,"footnotes":""},"class_list":["post-108107","page","type-page","status-publish","has-post-thumbnail","hentry"],"acf":[],"yoast_head":"<!-- This site is optimized with the Yoast SEO plugin v27.4 - https:\/\/yoast.com\/product\/yoast-seo-wordpress\/ -->\n<title>Herzlich Wilkommen - Slot Loevestein - Rijksmuseum<\/title>\n<meta name=\"robots\" content=\"index, follow, max-snippet:-1, max-image-preview:large, max-video-preview:-1\" \/>\n<link rel=\"canonical\" href=\"https:\/\/www.slotloevestein.nl\/de\/\" \/>\n<meta property=\"og:locale\" content=\"de_DE\" \/>\n<meta property=\"og:type\" content=\"article\" \/>\n<meta property=\"og:title\" content=\"Herzlich Wilkommen - Slot Loevestein - Rijksmuseum\" \/>\n<meta property=\"og:description\" content=\"[vc_row row_height_percent=&#8220;0&#8243; override_padding=&#8220;yes&#8220; h_padding=&#8220;2&#8243; top_padding=&#8220;3&#8243; bottom_padding=&#8220;2&#8243; overlay_alpha=&#8220;50&#8243; gutter_size=&#8220;3&#8243; column_width_percent=&#8220;100&#8243; shift_y=&#8220;0&#8243; z_index=&#8220;0&#8243; uncode_shortcode_id=&#8220;542639&#8243;][vc_column column_width_percent=&#8220;77&#8243; align_horizontal=&#8220;align_center&#8220; gutter_size=&#8220;3&#8243; overlay_alpha=&#8220;50&#8243; shift_x=&#8220;0&#8243; shift_y=&#8220;0&#8243; shift_y_down=&#8220;0&#8243; z_index=&#8220;0&#8243; [&hellip;]\" \/>\n<meta property=\"og:url\" content=\"https:\/\/www.slotloevestein.nl\/de\/\" \/>\n<meta property=\"og:site_name\" content=\"Slot Loevestein - Rijksmuseum\" \/>\n<meta property=\"article:modified_time\" content=\"2025-12-18T09:00:51+00:00\" \/>\n<meta property=\"og:image\" content=\"https:\/\/www.slotloevestein.nl\/wp-content\/uploads\/2022\/05\/Loevenstein-5-scaled.jpg\" \/>\n\t<meta property=\"og:image:width\" content=\"2560\" \/>\n\t<meta property=\"og:image:height\" content=\"1440\" \/>\n\t<meta property=\"og:image:type\" content=\"image\/jpeg\" \/>\n<meta name=\"twitter:card\" content=\"summary_large_image\" \/>\n<meta name=\"twitter:label1\" content=\"Gesch\u00e4tzte Lesezeit\" \/>\n\t<meta name=\"twitter:data1\" content=\"5\u00a0Minuten\" \/>\n<script type=\"application\/ld+json\" class=\"yoast-schema-graph\">{\"@context\":\"https:\\\/\\\/schema.org\",\"@graph\":[{\"@type\":\"WebPage\",\"@id\":\"https:\\\/\\\/www.slotloevestein.nl\\\/de\\\/\",\"url\":\"https:\\\/\\\/www.slotloevestein.nl\\\/de\\\/\",\"name\":\"Herzlich Wilkommen - Slot Loevestein - Rijksmuseum\",\"isPartOf\":{\"@id\":\"https:\\\/\\\/www.slotloevestein.nl\\\/#website\"},\"primaryImageOfPage\":{\"@id\":\"https:\\\/\\\/www.slotloevestein.nl\\\/de\\\/#primaryimage\"},\"image\":{\"@id\":\"https:\\\/\\\/www.slotloevestein.nl\\\/de\\\/#primaryimage\"},\"thumbnailUrl\":\"https:\\\/\\\/www.slotloevestein.nl\\\/wp-content\\\/uploads\\\/2022\\\/05\\\/Loevenstein-5-scaled.jpg\",\"datePublished\":\"2020-10-26T08:51:36+00:00\",\"dateModified\":\"2025-12-18T09:00:51+00:00\",\"breadcrumb\":{\"@id\":\"https:\\\/\\\/www.slotloevestein.nl\\\/de\\\/#breadcrumb\"},\"inLanguage\":\"de\",\"potentialAction\":[{\"@type\":\"ReadAction\",\"target\":[\"https:\\\/\\\/www.slotloevestein.nl\\\/de\\\/\"]}]},{\"@type\":\"ImageObject\",\"inLanguage\":\"de\",\"@id\":\"https:\\\/\\\/www.slotloevestein.nl\\\/de\\\/#primaryimage\",\"url\":\"https:\\\/\\\/www.slotloevestein.nl\\\/wp-content\\\/uploads\\\/2022\\\/05\\\/Loevenstein-5-scaled.jpg\",\"contentUrl\":\"https:\\\/\\\/www.slotloevestein.nl\\\/wp-content\\\/uploads\\\/2022\\\/05\\\/Loevenstein-5-scaled.jpg\",\"width\":2560,\"height\":1440,\"caption\":\"DCIM101MEDIADJI_0011.JPG\"},{\"@type\":\"BreadcrumbList\",\"@id\":\"https:\\\/\\\/www.slotloevestein.nl\\\/de\\\/#breadcrumb\",\"itemListElement\":[{\"@type\":\"ListItem\",\"position\":1,\"name\":\"Home\",\"item\":\"https:\\\/\\\/www.slotloevestein.nl\\\/de\\\/\"},{\"@type\":\"ListItem\",\"position\":2,\"name\":\"Herzlich Wilkommen\"}]},{\"@type\":\"WebSite\",\"@id\":\"https:\\\/\\\/www.slotloevestein.nl\\\/#website\",\"url\":\"https:\\\/\\\/www.slotloevestein.nl\\\/\",\"name\":\"Slot Loevestein - Rijksmuseum\",\"description\":\"Het stoerste kasteel van Nederland\",\"potentialAction\":[{\"@type\":\"SearchAction\",\"target\":{\"@type\":\"EntryPoint\",\"urlTemplate\":\"https:\\\/\\\/www.slotloevestein.nl\\\/?s={search_term_string}\"},\"query-input\":{\"@type\":\"PropertyValueSpecification\",\"valueRequired\":true,\"valueName\":\"search_term_string\"}}],\"inLanguage\":\"de\"}]}<\/script>\n<!-- \/ Yoast SEO plugin. -->","yoast_head_json":{"title":"Herzlich Wilkommen - Slot Loevestein - Rijksmuseum","robots":{"index":"index","follow":"follow","max-snippet":"max-snippet:-1","max-image-preview":"max-image-preview:large","max-video-preview":"max-video-preview:-1"},"canonical":"https:\/\/www.slotloevestein.nl\/de\/","og_locale":"de_DE","og_type":"article","og_title":"Herzlich Wilkommen - Slot Loevestein - Rijksmuseum","og_description":"[vc_row row_height_percent=&#8220;0&#8243; override_padding=&#8220;yes&#8220; h_padding=&#8220;2&#8243; top_padding=&#8220;3&#8243; bottom_padding=&#8220;2&#8243; overlay_alpha=&#8220;50&#8243; gutter_size=&#8220;3&#8243; column_width_percent=&#8220;100&#8243; shift_y=&#8220;0&#8243; z_index=&#8220;0&#8243; uncode_shortcode_id=&#8220;542639&#8243;][vc_column column_width_percent=&#8220;77&#8243; align_horizontal=&#8220;align_center&#8220; gutter_size=&#8220;3&#8243; overlay_alpha=&#8220;50&#8243; shift_x=&#8220;0&#8243; shift_y=&#8220;0&#8243; shift_y_down=&#8220;0&#8243; z_index=&#8220;0&#8243; [&hellip;]","og_url":"https:\/\/www.slotloevestein.nl\/de\/","og_site_name":"Slot Loevestein - Rijksmuseum","article_modified_time":"2025-12-18T09:00:51+00:00","og_image":[{"width":2560,"height":1440,"url":"https:\/\/www.slotloevestein.nl\/wp-content\/uploads\/2022\/05\/Loevenstein-5-scaled.jpg","type":"image\/jpeg"}],"twitter_card":"summary_large_image","twitter_misc":{"Gesch\u00e4tzte Lesezeit":"5\u00a0Minuten"},"schema":{"@context":"https:\/\/schema.org","@graph":[{"@type":"WebPage","@id":"https:\/\/www.slotloevestein.nl\/de\/","url":"https:\/\/www.slotloevestein.nl\/de\/","name":"Herzlich Wilkommen - Slot Loevestein - Rijksmuseum","isPartOf":{"@id":"https:\/\/www.slotloevestein.nl\/#website"},"primaryImageOfPage":{"@id":"https:\/\/www.slotloevestein.nl\/de\/#primaryimage"},"image":{"@id":"https:\/\/www.slotloevestein.nl\/de\/#primaryimage"},"thumbnailUrl":"https:\/\/www.slotloevestein.nl\/wp-content\/uploads\/2022\/05\/Loevenstein-5-scaled.jpg","datePublished":"2020-10-26T08:51:36+00:00","dateModified":"2025-12-18T09:00:51+00:00","breadcrumb":{"@id":"https:\/\/www.slotloevestein.nl\/de\/#breadcrumb"},"inLanguage":"de","potentialAction":[{"@type":"ReadAction","target":["https:\/\/www.slotloevestein.nl\/de\/"]}]},{"@type":"ImageObject","inLanguage":"de","@id":"https:\/\/www.slotloevestein.nl\/de\/#primaryimage","url":"https:\/\/www.slotloevestein.nl\/wp-content\/uploads\/2022\/05\/Loevenstein-5-scaled.jpg","contentUrl":"https:\/\/www.slotloevestein.nl\/wp-content\/uploads\/2022\/05\/Loevenstein-5-scaled.jpg","width":2560,"height":1440,"caption":"DCIM101MEDIADJI_0011.JPG"},{"@type":"BreadcrumbList","@id":"https:\/\/www.slotloevestein.nl\/de\/#breadcrumb","itemListElement":[{"@type":"ListItem","position":1,"name":"Home","item":"https:\/\/www.slotloevestein.nl\/de\/"},{"@type":"ListItem","position":2,"name":"Herzlich Wilkommen"}]},{"@type":"WebSite","@id":"https:\/\/www.slotloevestein.nl\/#website","url":"https:\/\/www.slotloevestein.nl\/","name":"Slot Loevestein - Rijksmuseum","description":"Het stoerste kasteel van Nederland","potentialAction":[{"@type":"SearchAction","target":{"@type":"EntryPoint","urlTemplate":"https:\/\/www.slotloevestein.nl\/?s={search_term_string}"},"query-input":{"@type":"PropertyValueSpecification","valueRequired":true,"valueName":"search_term_string"}}],"inLanguage":"de"}]}},"_links":{"self":[{"href":"https:\/\/www.slotloevestein.nl\/de\/wp-json\/wp\/v2\/pages\/108107","targetHints":{"allow":["GET"]}}],"collection":[{"href":"https:\/\/www.slotloevestein.nl\/de\/wp-json\/wp\/v2\/pages"}],"about":[{"href":"https:\/\/www.slotloevestein.nl\/de\/wp-json\/wp\/v2\/types\/page"}],"author":[{"embeddable":true,"href":"https:\/\/www.slotloevestein.nl\/de\/wp-json\/wp\/v2\/users\/5"}],"replies":[{"embeddable":true,"href":"https:\/\/www.slotloevestein.nl\/de\/wp-json\/wp\/v2\/comments?post=108107"}],"version-history":[{"count":5,"href":"https:\/\/www.slotloevestein.nl\/de\/wp-json\/wp\/v2\/pages\/108107\/revisions"}],"predecessor-version":[{"id":111836,"href":"https:\/\/www.slotloevestein.nl\/de\/wp-json\/wp\/v2\/pages\/108107\/revisions\/111836"}],"wp:featuredmedia":[{"embeddable":true,"href":"https:\/\/www.slotloevestein.nl\/de\/wp-json\/wp\/v2\/media\/107195"}],"wp:attachment":[{"href":"https:\/\/www.slotloevestein.nl\/de\/wp-json\/wp\/v2\/media?parent=108107"}],"curies":[{"name":"wp","href":"https:\/\/api.w.org\/{rel}","templated":true}]}}